{"id":281,"date":"2016-09-13T12:27:13","date_gmt":"2016-09-13T12:27:13","guid":{"rendered":"https:\/\/cpkconsultoria.com\/?page_id=281"},"modified":"2022-04-27T17:14:43","modified_gmt":"2022-04-27T20:14:43","slug":"nosso-sistema","status":"publish","type":"page","link":"https:\/\/cpkconsultoria.com\/index.php\/nosso-sistema\/","title":{"rendered":"Conhe\u00e7a nosso sistema"},"content":{"rendered":"<p>[vc_row][vc_column css=&#8221;.vc_custom_1474037280205{margin-bottom: 3.6rem !important;}&#8221;]<h1 class=\"sc_title sc_title_regular\"><\/h1>[vc_column_text]Por que <strong>CONTROLAR<\/strong> os pneus?<\/p>\n<p>Para se saber qual pneu foi montado: em qual ve\u00edculo? Em qual posi\u00e7\u00e3o de montagem? Com qual od\u00f4metro? Qual n\u00famero de fogo do pneu? Qual medida? Qual a marca? Qual o modelo? Qual o DOT? Qual a s\u00e9rie? Qual a profundidade de sulco original? Qual o pre\u00e7o? Qual o ciclo de vida?<\/p>\n<p>O registro das movimenta\u00e7\u00f5es do patrim\u00f4nio \u201cpneus\u201d permitir\u00e1 a gera\u00e7\u00e3o de relat\u00f3rios e indicadores para tomada de decis\u00e3o, pois nem sempre o pneu \u201cmais barato\u201d representa a op\u00e7\u00e3o de menor custo. A frota precisa conhecer o cpk de cada marca\/medida\/modelo para o posicionamento de reposi\u00e7\u00e3o dos pneus novos e das recapagens.<\/p>\n<p>O <strong>Sistema Dr. Pneu<\/strong> \u00e9 multi-usu\u00e1rio, em nuvem, 100% intuitivo e direto ao ponto.<br \/>\nSolicite agendamento para demonstra\u00e7\u00e3o via conferencia online diretamente com o DR PNEU.<\/p>\n<p>&nbsp;<\/p>\n<p><strong>IMPORTANTE OBSERVAR: o sistema Dr. Pneu \u00e9 feito por quem ENTENDE DE PNEUS E SUA GEST\u00c3O<\/strong>[\/vc_column_text][\/vc_column][\/vc_row][vc_row full_width=&#8221;stretch_row&#8221; css=&#8221;.vc_custom_1473768620907{background-color: #f2f3f3 !important;}&#8221;][vc_column css=&#8221;.vc_custom_1474039735085{margin-bottom: 1.2rem !important;}&#8221;][vc_single_image image=&#8221;912&#8243; img_size=&#8221;full&#8221;][vc_single_image image=&#8221;1043&#8243; img_size=&#8221;full&#8221;][vc_single_image image=&#8221;1044&#8243; img_size=&#8221;full&#8221;][\/vc_column][\/vc_row][vc_row full_width=&#8221;stretch_row&#8221; css=&#8221;.vc_custom_1473675002313{background-color: #f2f3f3 !important;}&#8221;][vc_column][vc_single_image image=&#8221;911&#8243; img_size=&#8221;full&#8221;]<div class=\"sc_section margin_bottom_medium aligncenter\" data-animation=\"animated fadeInUp normal\"><div class=\"sc_section_inner\"><div class=\"sc_section_content_wrap\"><\/div><\/div><\/div>[\/vc_column][\/vc_row][vc_row full_width=&#8221;stretch_row&#8221;][vc_column css=&#8221;.vc_custom_1474034924291{margin-bottom: 0.3rem !important;}&#8221;]<div id=\"sc_clients_628431954_wrap\" class=\"sc_clients_wrap\"><div id=\"sc_clients_628431954\" class=\"sc_clients sc_clients_style_clients-1  margin_top_large margin_bottom_medium\" style=\"width:100%;\" data-animation=\"animated fadeInUp normal\"><div class=\"sc_slider_swiper swiper-slider-container sc_slider_nopagination sc_slider_nocontrols\" data-interval=\"8477\" data-slides-per-view=\"6\" data-slides-min-width=\"100\"><div class=\"slides swiper-wrapper\"><\/div><div class=\"sc_slider_controls_wrap\"><a class=\"sc_slider_prev\" href=\"#\"><\/a><a class=\"sc_slider_next\" href=\"#\"><\/a><\/div><div class=\"sc_slider_pagination_wrap\"><\/div><\/div><\/div><!-- \/.sc_clients --><\/div><!-- \/.sc_clients_wrap -->[\/vc_column][\/vc_row]<\/p>\n","protected":false},"excerpt":{"rendered":"<p>[vc_row][vc_column css=&#8221;.vc_custom_1474037280205{margin-bottom: 3.6rem !important;}&#8221;][vc_column_text]Por que CONTROLAR os pneus? Para se saber qual pneu foi montado: em qual ve\u00edculo? Em qual posi\u00e7\u00e3o de montagem? Com qual od\u00f4metro? Qual n\u00famero de fogo do pneu? Qual medida? Qual a marca? Qual o modelo? Qual o DOT? Qual a s\u00e9rie? Qual a profundidade de sulco original? Qual o pre\u00e7o? [&hellip;]<\/p>\n","protected":false},"author":1,"featured_media":0,"parent":0,"menu_order":0,"comment_status":"closed","ping_status":"closed","template":"","meta":{"om_disable_all_campaigns":false,"_monsterinsights_skip_tracking":false,"_monsterinsights_sitenote_active":false,"_monsterinsights_sitenote_note":"","_monsterinsights_sitenote_category":0},"_links":{"self":[{"href":"https:\/\/cpkconsultoria.com\/index.php\/wp-json\/wp\/v2\/pages\/281"}],"collection":[{"href":"https:\/\/cpkconsultoria.com\/index.php\/wp-json\/wp\/v2\/pages"}],"about":[{"href":"https:\/\/cpkconsultoria.com\/index.php\/wp-json\/wp\/v2\/types\/page"}],"author":[{"embeddable":true,"href":"https:\/\/cpkconsultoria.com\/index.php\/wp-json\/wp\/v2\/users\/1"}],"replies":[{"embeddable":true,"href":"https:\/\/cpkconsultoria.com\/index.php\/wp-json\/wp\/v2\/comments?post=281"}],"version-history":[{"count":8,"href":"https:\/\/cpkconsultoria.com\/index.php\/wp-json\/wp\/v2\/pages\/281\/revisions"}],"predecessor-version":[{"id":1051,"href":"https:\/\/cpkconsultoria.com\/index.php\/wp-json\/wp\/v2\/pages\/281\/revisions\/1051"}],"wp:attachment":[{"href":"https:\/\/cpkconsultoria.com\/index.php\/wp-json\/wp\/v2\/media?parent=281"}],"curies":[{"name":"wp","href":"https:\/\/api.w.org\/{rel}","templated":true}]}}