{"id":315,"date":"2016-09-13T12:56:06","date_gmt":"2016-09-13T12:56:06","guid":{"rendered":"https:\/\/cpkconsultoria.com\/?page_id=315"},"modified":"2022-02-21T11:07:02","modified_gmt":"2022-02-21T14:07:02","slug":"a-empresa","status":"publish","type":"page","link":"https:\/\/cpkconsultoria.com\/index.php\/a-empresa\/","title":{"rendered":"A empresa"},"content":{"rendered":"<p>[vc_row full_width=&#8221;stretch_row&#8221; css=&#8221;.vc_custom_1473769871896{background-color: #f2f3f3 !important;}&#8221;][vc_column]<div class=\"sc_section margin_top_large margin_bottom_huge\" data-animation=\"animated fadeInUp normal\" style=\"max-width: 1030px; margin: auto;\"><div class=\"sc_section_inner\"><h6 class=\"sc_section_subtitle sc_item_subtitle\">Quem somos<\/h6><h3 class=\"sc_section_title sc_item_title sc_item_title_without_descr\">Entenda como tudo come\u00e7ou<\/h3><div class=\"sc_section_content_wrap\"><div class=\"columns_wrap sc_columns columns_nofluid sc_columns_count_2\"><div class=\"column-1_2 sc_column_item sc_column_item_1 odd first\">[vc_single_image image=&#8221;963&#8243; img_size=&#8221;full&#8221;]<\/div><div class=\"column-1_2 sc_column_item sc_column_item_2 even\">[vc_column_text css=&#8221;.vc_custom_1645451463876{margin-top: -0.35rem !important;}&#8221;]O Dr. Pneus \u00e9 um especialista do mercado e que pode ajudar voc\u00ea a ter as melhores solu\u00e7\u00f5es para sua frota. Com um trabalho direcionado por diagn\u00f3stico nos processos, traduzindo causas e indicando a\u00e7\u00f5es preventivas para redu\u00e7\u00e3o de custos, e tamb\u00e9m formando profissionais na \u00e1rea.<\/p>\n<p><strong>NOSSA CONSULTORIA<\/strong><\/p>\n<ul>\n<li>An\u00e1lise de fluxograma dos processos desde a aquisi\u00e7\u00e3o dos pneus at\u00e9 o sucateamento,<\/li>\n<li>Implementa\u00e7\u00e3o de a\u00e7\u00f5es preventivas para melhor aproveitamento do potencial de quilometragem dos pneus.<\/li>\n<li>Corre\u00e7\u00e3o de par\u00e2metros fora do padr\u00e3o adequado, para maior vida \u00fatil dos pneus com redu\u00e7\u00e3o de custos para profissionais e empresas.<\/li>\n<\/ul>\n<p>[\/vc_column_text]<\/div><\/div><\/div><\/div><\/div>[\/vc_column][\/vc_row][vc_row][vc_column][\/vc_column][\/vc_row][vc_row][vc_column][\/vc_column][\/vc_row]<\/p>\n","protected":false},"excerpt":{"rendered":"<p>[vc_row full_width=&#8221;stretch_row&#8221; css=&#8221;.vc_custom_1473769871896{background-color: #f2f3f3 !important;}&#8221;][vc_column][\/vc_column][\/vc_row][vc_row][vc_column][\/vc_column][\/vc_row][vc_row][vc_column][\/vc_column][\/vc_row]<\/p>\n","protected":false},"author":1,"featured_media":0,"parent":0,"menu_order":0,"comment_status":"closed","ping_status":"closed","template":"","meta":{"om_disable_all_campaigns":false,"_monsterinsights_skip_tracking":false,"_monsterinsights_sitenote_active":false,"_monsterinsights_sitenote_note":"","_monsterinsights_sitenote_category":0},"_links":{"self":[{"href":"https:\/\/cpkconsultoria.com\/index.php\/wp-json\/wp\/v2\/pages\/315"}],"collection":[{"href":"https:\/\/cpkconsultoria.com\/index.php\/wp-json\/wp\/v2\/pages"}],"about":[{"href":"https:\/\/cpkconsultoria.com\/index.php\/wp-json\/wp\/v2\/types\/page"}],"author":[{"embeddable":true,"href":"https:\/\/cpkconsultoria.com\/index.php\/wp-json\/wp\/v2\/users\/1"}],"replies":[{"embeddable":true,"href":"https:\/\/cpkconsultoria.com\/index.php\/wp-json\/wp\/v2\/comments?post=315"}],"version-history":[{"count":15,"href":"https:\/\/cpkconsultoria.com\/index.php\/wp-json\/wp\/v2\/pages\/315\/revisions"}],"predecessor-version":[{"id":972,"href":"https:\/\/cpkconsultoria.com\/index.php\/wp-json\/wp\/v2\/pages\/315\/revisions\/972"}],"wp:attachment":[{"href":"https:\/\/cpkconsultoria.com\/index.php\/wp-json\/wp\/v2\/media?parent=315"}],"curies":[{"name":"wp","href":"https:\/\/api.w.org\/{rel}","templated":true}]}}