{"id":4,"date":"2016-09-12T08:33:47","date_gmt":"2016-09-12T08:33:47","guid":{"rendered":"https:\/\/cpkconsultoria.com\/?page_id=4"},"modified":"2022-12-27T14:19:31","modified_gmt":"2022-12-27T17:19:31","slug":"home-1","status":"publish","type":"page","link":"https:\/\/cpkconsultoria.com\/","title":{"rendered":"CPK Consultoria"},"content":{"rendered":"<p>[vc_row full_width=&#8221;stretch_row_content_no_spaces&#8221;][vc_column]<div class=\"columns_wrap sc_columns columns_nofluid no_margins sc_columns_count_3\" data-equal-height=\".sc_column_item\"><div class=\"column-1_3 sc_column_item sc_column_item_1 odd first\" data-animation=\"animated fadeInLeft normal\"><div class=\"sc_section section_style_promo_section\" style=\"color:#ffffff;background-image:url(https:\/\/cpkconsultoria.com\/wp-content\/uploads\/2022\/03\/WhatsApp-Image-2022-03-10-at-15.24.24-1.jpeg);background-repeat:no-repeat;background-size:cover;\"><div class=\"sc_section_inner\"><div class=\"sc_section_overlay\" style=\"\"><div class=\"sc_section_content padding_on\" style=\"\"><h3 class=\"sc_section_title sc_item_title sc_item_title_without_descr\">Consultorias<\/h3><div class=\"sc_section_descr sc_item_descr\">Consultoria t\u00e9cnica especializada pelo Dr.Pneu. Desde a aquisi\u00e7\u00e3o dos Pneus at\u00e9 o sucateamento.<\/div><div class=\"sc_section_content_wrap\"><\/div><div class=\"sc_section_button sc_item_button\"><a href=\"https:\/\/cpkconsultoria.com\/index.php\/a-empresa\/\" class=\"sc_button sc_button_square sc_button_style_filled sc_button_size_large\">veja mais<\/a><\/div><\/div><\/div><\/div><\/div><\/div><div class=\"column-1_3 sc_column_item sc_column_item_2 even\" data-animation=\"animated fadeInUp normal\"><div class=\"sc_section section_style_promo_section\" style=\"background-image:url(https:\/\/cpkconsultoria.com\/wp-content\/uploads\/2022\/03\/WhatsApp-Image-2022-03-10-at-15.24.44-1.jpeg);background-repeat:repeat;\"><div class=\"sc_section_inner\"><div class=\"sc_section_overlay\" style=\"\"><div class=\"sc_section_content padding_on\" style=\"\"><h3 class=\"sc_section_title sc_item_title sc_item_title_without_descr\">Cursos<\/h3><div class=\"sc_section_descr sc_item_descr\">Os Profissionais que trabalham nas frotas ser\u00e3o capacitados a implementar as a\u00e7\u00f5es preventivas e muito mais.<\/div><div class=\"sc_section_content_wrap\"><\/div><div class=\"sc_section_button sc_item_button\"><a href=\"https:\/\/cpkconsultoria.com\/index.php\/nossos-cursos\/\" class=\"sc_button sc_button_square sc_button_style_filled sc_button_size_large\">veja mais<\/a><\/div><\/div><\/div><\/div><\/div><\/div><div class=\"column-1_3 sc_column_item sc_column_item_3 odd\" data-animation=\"animated fadeInRight normal\"><div class=\"sc_section section_style_promo_section\" style=\"background-image:url(https:\/\/cpkconsultoria.com\/wp-content\/uploads\/2022\/03\/WhatsApp-Image-2022-03-10-at-15.25.08-1.jpeg);background-repeat:repeat;\"><div class=\"sc_section_inner\"><div class=\"sc_section_overlay\" style=\"\"><div class=\"sc_section_content padding_on\" style=\"\"><h3 class=\"sc_section_title sc_item_title sc_item_title_without_descr\">Sistema<\/h3><div class=\"sc_section_descr sc_item_descr\">Fa\u00e7a a gest\u00e3o de seus processos em um \u00fanico lugar. Um sistema simples e pr\u00e1tico com recursos incr\u00edveis.<\/div><div class=\"sc_section_content_wrap\"><\/div><div class=\"sc_section_button sc_item_button\"><a href=\"https:\/\/cpkconsultoria.com\/index.php\/nosso-sistema\/\" class=\"sc_button sc_button_square sc_button_style_filled sc_button_size_large\">veja mais<\/a><\/div><\/div><\/div><\/div><\/div><\/div><\/div>[\/vc_column][\/vc_row][vc_row css=&#8221;.vc_custom_1474275685317{margin-top: 6.95rem !important;margin-bottom: 7rem !important;}&#8221;][vc_column css=&#8221;.vc_custom_1639540063289{background-image: url(https:\/\/cpkconsultoria.com\/wp-content\/uploads\/2021\/12\/promo.jpg?id=852) !important;background-position: center !important;background-repeat: no-repeat !important;background-size: cover !important;}&#8221;]<div class=\"columns_wrap sc_columns columns_nofluid no_margins sc_columns_count_12\" data-animation=\"animated fadeIn normal\"><div class=\"column-5_12 sc_column_item sc_column_item_1 odd first span_5\"><div class=\"sc_section section_style_call_section\"><div class=\"sc_section_inner\"><h6 class=\"sc_section_subtitle sc_item_subtitle\">novo por aqui?<\/h6><h3 class=\"sc_section_title sc_item_title sc_item_title_without_descr\">CONFIRA TUDO SOBRE A GENTE<\/h3><div class=\"sc_section_descr sc_item_descr\">Especialista em pneus de carga com experi\u00eancia em f\u00e1bricas de pneus e recapagem. Especialista em diagn\u00f3stico nos processos e utiliza\u00e7\u00e3o dos pneus na frota, traduzindo causas e indicando a\u00e7\u00f5es preventivas para redu\u00e7\u00e3o de custos.<\/div><div class=\"sc_section_content_wrap\"><\/div><div class=\"sc_section_button sc_item_button\"><a href=\"https:\/\/cpkconsultoria.com\/index.php\/a-empresa\/\" class=\"sc_button sc_button_square sc_button_style_filled sc_button_size_large\">Saiba mais<\/a><\/div><\/div><\/div><\/div><div class=\"column-7_12 sc_column_item sc_column_item_6 even span_7\"><\/div><\/div>[vc_empty_space height=&#8221;64px&#8221;][\/vc_column][\/vc_row][vc_row full_width=&#8221;stretch_row&#8221; parallax=&#8221;content-moving&#8221; parallax_image=&#8221;856&#8243; parallax_speed_bg=&#8221;2&#8243; inverse=&#8221;yes&#8221;][vc_column css=&#8221;.vc_custom_1474276738020{margin-bottom: 0.85rem !important;}&#8221;]<div class=\"sc_section margin_bottom_huge\" data-animation=\"animated fadeInUp normal\"><div class=\"sc_section_inner\"><div class=\"sc_section_content_wrap\"><h2 class=\"sc_title sc_title_regular sc_align_center margin_top_huge margin_bottom_null\" style=\"text-align:center;color:#ffffff;\">Gest\u00e3o &amp; Consultoria para pneus<\/h2>[vc_empty_space height=&#8221;1.55rem&#8221;]<h6 class=\"sc_title sc_title_regular sc_align_center margin_top_null margin_bottom_small\" style=\"text-align:center;color:#ffffff;\">Somos especializados em pneus e na gest\u00e3o deles<\/h6><\/div><\/div><\/div>[\/vc_column][\/vc_row][vc_row full_width=&#8221;stretch_row&#8221; inverse=&#8221;yes&#8221; css=&#8221;.vc_custom_1473859431790{background-image: url(https:\/\/cpkconsultoria.com\/wp-content\/uploads\/2016\/09\/parallax_2.jpg?id=40) !important;background-size: cover !important;}&#8221; el_class=&#8221;row-in&#8221;][vc_column css=&#8221;.vc_custom_1474034149683{margin-top: 2.55rem !important;margin-bottom: 4.2rem !important;}&#8221;]<div class=\"sc_section\"><div class=\"sc_section_inner\"><div class=\"sc_section_content_wrap\"><div class=\"columns_wrap sc_columns columns_nofluid sc_columns_count_2\" data-equal-height=\".sc_column_item\"><div class=\"column-1_2 sc_column_item sc_column_item_1 odd first\" data-animation=\"animated fadeInLeft normal\"><div class=\"sc_section sc_section_block margin_top_huge margin_bottom_huge margin_left_large\"><div class=\"sc_section_inner\"><div class=\"sc_section_content_wrap\"><div id=\"sc_call_to_action_1581295620\" class=\"sc_call_to_action sc_call_to_action_style_1 sc_call_to_action_align_left\" style=\"width:100%;\"><div class=\"sc_call_to_action_info\"><h2 class=\"sc_call_to_action_title sc_item_title sc_item_title_without_descr\">Cansado de problemas com gest\u00e3o?<\/h2><div class=\"sc_call_to_action_descr sc_item_descr\">Temos o curso perfeito para voc\u00ea. Clique no bot\u00e3o abaixo e descubra nossas solu\u00e7\u00f5es.<\/div><\/div><\/div>[vc_empty_space height=&#8221;0.5rem&#8221;]<a href=\"https:\/\/cpkconsultoria.com\/index.php\/nossos-cursos\/\" class=\"sc_button sc_button_square sc_button_style_filled_light sc_button_size_large margin_top_small\">CONFIRA AGORA<\/a><\/div><\/div><\/div><\/div><div class=\"column-1_2 sc_column_item sc_column_item_2 even\" data-animation=\"animated fadeInRight normal\"><div class=\"sc_section sc_section_block margin_top_huge margin_bottom_huge margin_left_huge\"><div class=\"sc_section_inner\"><div class=\"sc_section_content_wrap\"><div id=\"sc_call_to_action_1388075045\" class=\"sc_call_to_action sc_call_to_action_style_1 sc_call_to_action_align_left\" style=\"width:100%;\"><div class=\"sc_call_to_action_info\"><h2 class=\"sc_call_to_action_title sc_item_title sc_item_title_without_descr\">Um sistema para gerenciar seus gastos?<\/h2><div class=\"sc_call_to_action_descr sc_item_descr\">Um sistema especifico e claro para voc\u00ea. Conhe\u00e7a essa novidade agora mesmo.<\/div><\/div><\/div>[vc_empty_space height=&#8221;0.5rem&#8221;]<a href=\"https:\/\/cpkconsultoria.com\/index.php\/fale-conosco\/\" class=\"sc_button sc_button_square sc_button_style_filled_light_hover sc_button_size_large margin_top_small\">TIRE SUAS D\u00daVIDAS<\/a><\/div><\/div><\/div><\/div><\/div><\/div><\/div><\/div>[\/vc_column][\/vc_row][vc_row full_width=&#8221;stretch_row&#8221; css=&#8221;.vc_custom_1473765798485{background-color: #f2f3f3 !important;}&#8221;][vc_column css=&#8221;.vc_custom_1474277639365{margin-bottom: 0.4rem !important;}&#8221;]<div class=\"sc_section margin_top_large margin_bottom_huge\" data-animation=\"animated fadeInUp normal\"><div class=\"sc_section_inner\"><h6 class=\"sc_section_subtitle sc_item_subtitle\">NOSSOS CURSOS<\/h6><h3 class=\"sc_section_title sc_item_title sc_item_title_without_descr\">Conhe\u00e7a eles agora mesmo<\/h3><div class=\"sc_section_content_wrap\"><\/div><div class=\"sc_section_button sc_item_button\"><a href=\"https:\/\/cpkconsultoria.com\/index.php\/nossos-cursos\/\" class=\"sc_button sc_button_square sc_button_style_filled sc_button_size_large\">Visualizar todos<\/a><\/div><\/div><\/div>[\/vc_column][\/vc_row][vc_row full_width=&#8221;stretch_row&#8221; parallax=&#8221;content-moving&#8221; parallax_image=&#8221;762&#8243; inverse=&#8221;yes&#8221;][vc_column css=&#8221;.vc_custom_1474021578331{margin-bottom: 0.75rem !important;}&#8221;]<div class=\"sc_section margin_top_large margin_bottom_huge aligncenter\" data-animation=\"animated fadeInUp normal\" style=\"max-width: 630px;\"><div class=\"sc_section_inner\"><div class=\"sc_section_content_wrap\"><h2 class=\"sc_title sc_title_regular sc_align_center\" style=\"margin-top: 2.32em;line-height: 1.2;margin-bottom: 1.95rem;text-align:center;color:#ffffff;\">UM CONTE\u00daDO QUE IR\u00c1 TE IMPACTAR<\/h2><video class=\"sc_video\" src=\"https:\/\/video.wixstatic.com\/video\/158952_66d1858c3667403a98ea0d9ef5241631\/1080p\/mp4\/file.mp4\" width=\"630\" height=\"350\" data-width=\"630\" data-height=\"350\" data-ratio=\"16:9\" poster=\"https:\/\/cpkconsultoria.com\/wp-content\/uploads\/2021\/12\/IMG_0356-scaled-630x350.jpg\" data-image=\"https:\/\/cpkconsultoria.com\/wp-content\/uploads\/2021\/12\/IMG_0356-scaled-630x350.jpg\" data-class=\"margin_bottom_small\" style=\"width:630px;height:350px;\" autoplay=\"autoplay\" controls=\"controls\" loop=\"loop\"><\/video><h6 class=\"sc_title sc_title_regular\" style=\"margin: 1.85em auto 1.6em;max-width: 500px;line-height: 1.5;color:#ffffff;\">S\u00e3o 1.000 profissionais impactados com as solu\u00e7\u00f5es e redu\u00e7\u00f5es dispon\u00edveis.<\/h6><a href=\"https:\/\/cpkconsultoria.com\/index.php\/nossos-cursos\/\" class=\"sc_button sc_button_square sc_button_style_filled_light_hover sc_button_size_large\">INSCREVA-SE AGORA MESMO<\/a><\/div><\/div><\/div>[\/vc_column][\/vc_row][vc_row full_width=&#8221;stretch_row&#8221; css=&#8221;.vc_custom_1473675002313{background-color: #f2f3f3 !important;}&#8221;][vc_column]<h2 class=\"sc_title sc_title_regular sc_align_center\" style=\"margin-top: 2.32em;line-height: 1.2;margin-bottom: 1.95rem;text-align:center;color:#ffffff;\"><\/p>\n<h3><strong>NOSSOS DEPOIMENTOS<\/strong><\/h3>\n<p><\/h2>[\/vc_column][\/vc_row][vc_row full_width=&#8221;stretch_row&#8221; css=&#8221;.vc_custom_1473675002313{background-color: #f2f3f3 !important;}&#8221;][vc_column width=&#8221;1\/3&#8243;][vc_column_text]<div style=\"width: 640px;\" class=\"wp-video\"><!--[if lt IE 9]><script>document.createElement('video');<\/script><![endif]-->\n<video class=\"wp-video-shortcode\" id=\"video-4-1\" width=\"640\" height=\"352\" preload=\"metadata\" controls=\"controls\"><source type=\"video\/mp4\" src=\"https:\/\/cpkconsultoria.com\/wp-content\/uploads\/2021\/12\/WhatsApp-Video-2021-12-08-at-15.56.39-1-1.mp4?_=1\" \/><a href=\"https:\/\/cpkconsultoria.com\/wp-content\/uploads\/2021\/12\/WhatsApp-Video-2021-12-08-at-15.56.39-1-1.mp4\">https:\/\/cpkconsultoria.com\/wp-content\/uploads\/2021\/12\/WhatsApp-Video-2021-12-08-at-15.56.39-1-1.mp4<\/a><\/video><\/div>[\/vc_column_text][\/vc_column][vc_column width=&#8221;1\/3&#8243;][vc_column_text]<div style=\"width: 640px;\" class=\"wp-video\"><video class=\"wp-video-shortcode\" id=\"video-4-2\" width=\"640\" height=\"352\" preload=\"metadata\" controls=\"controls\"><source type=\"video\/mp4\" src=\"https:\/\/cpkconsultoria.com\/wp-content\/uploads\/2021\/12\/WhatsApp-Video-2021-12-08-at-15.56.40-6.mp4?_=2\" \/><a href=\"https:\/\/cpkconsultoria.com\/wp-content\/uploads\/2021\/12\/WhatsApp-Video-2021-12-08-at-15.56.40-6.mp4\">https:\/\/cpkconsultoria.com\/wp-content\/uploads\/2021\/12\/WhatsApp-Video-2021-12-08-at-15.56.40-6.mp4<\/a><\/video><\/div>[\/vc_column_text][\/vc_column][vc_column width=&#8221;1\/3&#8243;][vc_column_text]<div style=\"width: 640px;\" class=\"wp-video\"><video class=\"wp-video-shortcode\" id=\"video-4-3\" width=\"640\" height=\"352\" preload=\"metadata\" controls=\"controls\"><source type=\"video\/mp4\" src=\"https:\/\/cpkconsultoria.com\/wp-content\/uploads\/2021\/12\/WhatsApp-Video-2021-12-08-at-15.56.40-3.mp4?_=3\" \/><a href=\"https:\/\/cpkconsultoria.com\/wp-content\/uploads\/2021\/12\/WhatsApp-Video-2021-12-08-at-15.56.40-3.mp4\">https:\/\/cpkconsultoria.com\/wp-content\/uploads\/2021\/12\/WhatsApp-Video-2021-12-08-at-15.56.40-3.mp4<\/a><\/video><\/div>[\/vc_column_text][\/vc_column][vc_column][vc_empty_space height=&#8221;50px&#8221;]<a href=\"https:\/\/cpkconsultoria.com\/index.php\/depoimentos\/\" class=\"sc_button sc_button_square sc_button_style_filled_light_hover sc_button_size_large aligncenter\">VEJA MAIS DEPOIMENTOS<\/a>[vc_empty_space height=&#8221;150px&#8221;][\/vc_column][vc_column][\/vc_column][vc_column][\/vc_column][vc_column][\/vc_column][vc_column][\/vc_column][\/vc_row]<\/p>\n","protected":false},"excerpt":{"rendered":"<p>[vc_row full_width=&#8221;stretch_row_content_no_spaces&#8221;][vc_column][\/vc_column][\/vc_row][vc_row css=&#8221;.vc_custom_1474275685317{margin-top: 6.95rem !important;margin-bottom: 7rem !important;}&#8221;][vc_column css=&#8221;.vc_custom_1639540063289{background-image: url(https:\/\/cpkconsultoria.com\/wp-content\/uploads\/2021\/12\/promo.jpg?id=852) !important;background-position: center !important;background-repeat: no-repeat !important;background-size: cover !important;}&#8221;][vc_empty_space height=&#8221;64px&#8221;][\/vc_column][\/vc_row][vc_row full_width=&#8221;stretch_row&#8221; parallax=&#8221;content-moving&#8221; parallax_image=&#8221;856&#8243; parallax_speed_bg=&#8221;2&#8243; inverse=&#8221;yes&#8221;][vc_column css=&#8221;.vc_custom_1474276738020{margin-bottom: 0.85rem !important;}&#8221;][\/vc_column][\/vc_row][vc_row full_width=&#8221;stretch_row&#8221; inverse=&#8221;yes&#8221; css=&#8221;.vc_custom_1473859431790{background-image: url(https:\/\/cpkconsultoria.com\/wp-content\/uploads\/2016\/09\/parallax_2.jpg?id=40) !important;background-size: cover !important;}&#8221; el_class=&#8221;row-in&#8221;][vc_column css=&#8221;.vc_custom_1474034149683{margin-top: 2.55rem !important;margin-bottom: 4.2rem !important;}&#8221;][\/vc_column][\/vc_row][vc_row full_width=&#8221;stretch_row&#8221; css=&#8221;.vc_custom_1473765798485{background-color: #f2f3f3 !important;}&#8221;][vc_column css=&#8221;.vc_custom_1474277639365{margin-bottom: 0.4rem !important;}&#8221;][\/vc_column][\/vc_row][vc_row full_width=&#8221;stretch_row&#8221; parallax=&#8221;content-moving&#8221; parallax_image=&#8221;762&#8243; inverse=&#8221;yes&#8221;][vc_column css=&#8221;.vc_custom_1474021578331{margin-bottom: 0.75rem !important;}&#8221;][\/vc_column][\/vc_row][vc_row full_width=&#8221;stretch_row&#8221; css=&#8221;.vc_custom_1473675002313{background-color: #f2f3f3 [&hellip;]<\/p>\n","protected":false},"author":1,"featured_media":0,"parent":0,"menu_order":0,"comment_status":"closed","ping_status":"closed","template":"","meta":{"om_disable_all_campaigns":false,"_monsterinsights_skip_tracking":false,"_monsterinsights_sitenote_active":false,"_monsterinsights_sitenote_note":"","_monsterinsights_sitenote_category":0},"_links":{"self":[{"href":"https:\/\/cpkconsultoria.com\/index.php\/wp-json\/wp\/v2\/pages\/4"}],"collection":[{"href":"https:\/\/cpkconsultoria.com\/index.php\/wp-json\/wp\/v2\/pages"}],"about":[{"href":"https:\/\/cpkconsultoria.com\/index.php\/wp-json\/wp\/v2\/types\/page"}],"author":[{"embeddable":true,"href":"https:\/\/cpkconsultoria.com\/index.php\/wp-json\/wp\/v2\/users\/1"}],"replies":[{"embeddable":true,"href":"https:\/\/cpkconsultoria.com\/index.php\/wp-json\/wp\/v2\/comments?post=4"}],"version-history":[{"count":70,"href":"https:\/\/cpkconsultoria.com\/index.php\/wp-json\/wp\/v2\/pages\/4\/revisions"}],"predecessor-version":[{"id":1063,"href":"https:\/\/cpkconsultoria.com\/index.php\/wp-json\/wp\/v2\/pages\/4\/revisions\/1063"}],"wp:attachment":[{"href":"https:\/\/cpkconsultoria.com\/index.php\/wp-json\/wp\/v2\/media?parent=4"}],"curies":[{"name":"wp","href":"https:\/\/api.w.org\/{rel}","templated":true}]}}