{"id":727,"date":"2020-10-07T13:12:05","date_gmt":"2020-10-07T13:12:05","guid":{"rendered":"https:\/\/cpkconsultoria.com\/?page_id=727"},"modified":"2022-02-21T10:42:56","modified_gmt":"2022-02-21T13:42:56","slug":"nossos-cursos","status":"publish","type":"page","link":"https:\/\/cpkconsultoria.com\/index.php\/nossos-cursos\/","title":{"rendered":"Conhe\u00e7a nossos cursos"},"content":{"rendered":"<p>[vc_row][vc_column]<div class=\"columns_wrap sc_columns columns_nofluid sc_columns_count_1\"><div class=\"column-1_1 sc_column_item sc_column_item_1 odd first\">[vc_column_text]<a href=\"http:\/\/cpkconsultoria.com\/wp-content\/uploads\/2022\/01\/Opera-Instantaneo_2022-01-25_082026_rtpneus.com_.br_.png\"><img decoding=\"async\" loading=\"lazy\" class=\"size-full wp-image-906 alignleft\" src=\"http:\/\/cpkconsultoria.com\/wp-content\/uploads\/2022\/01\/Opera-Instantaneo_2022-01-25_082026_rtpneus.com_.br_.png\" alt=\"\" width=\"183\" height=\"113\" \/><\/a><\/p>\n<h4>MOTORISTAS<\/h4>\n<p>O motorista tem grande potencial para ser protagonista na redu\u00e7\u00e3o de custos. Como, quando e porque o motorista pode contribuir para a economia de dinheiro em pneus? Nessa palestra de conscientiza\u00e7\u00e3o vamos trabalhar os pilares da opera\u00e7\u00e3o, o pneu em trabalho.[\/vc_column_text]<\/div><\/div>[\/vc_column][\/vc_row][vc_row][vc_column]<div class=\"columns_wrap sc_columns columns_nofluid sc_columns_count_1\"><div class=\"column-1_1 sc_column_item sc_column_item_1 odd first\">[vc_column_text]<a href=\"http:\/\/cpkconsultoria.com\/wp-content\/uploads\/2022\/01\/Opera-Instantaneo_2022-01-25_082134_rtpneus.com_.br_.png\"><img decoding=\"async\" loading=\"lazy\" class=\"size-full wp-image-907 alignleft\" src=\"http:\/\/cpkconsultoria.com\/wp-content\/uploads\/2022\/01\/Opera-Instantaneo_2022-01-25_082134_rtpneus.com_.br_.png\" alt=\"\" width=\"187\" height=\"121\" \/><\/a><\/p>\n<h4>BORRACHEIROS<\/h4>\n<p>Na maioria da vezes a borracharia \u00e9 vista como o pronto-socorro dos pneus, focada apenas na manuten\u00e7\u00e3o corretiva. No treinamento para borracheiros vamos conscientizar os participantes da grande import\u00e2ncia da borracharia como cl\u00ednica preventiva. Crit\u00e9rios de montagem, seguran\u00e7a, ferramentas e todos os aspectos que influenciam no comportamento dos pneus em servi\u00e7o, de modo a obter a melhor performance quilom\u00e9trica.[\/vc_column_text]<\/div><\/div>[\/vc_column][\/vc_row][vc_row][vc_column]<div class=\"columns_wrap sc_columns columns_nofluid sc_columns_count_1\"><div class=\"column-1_1 sc_column_item sc_column_item_1 odd first\">[vc_column_text]<a href=\"http:\/\/cpkconsultoria.com\/wp-content\/uploads\/2022\/01\/Opera-Instantaneo_2022-01-25_082250_rtpneus.com_.br_.png\"><img decoding=\"async\" loading=\"lazy\" class=\"wp-image-908 size-full alignleft\" src=\"http:\/\/cpkconsultoria.com\/wp-content\/uploads\/2022\/01\/Opera-Instantaneo_2022-01-25_082250_rtpneus.com_.br_.png\" alt=\"\" width=\"189\" height=\"106\" \/><\/a><\/p>\n<h4>CONTROLADORES<\/h4>\n<p>A rotina do Controlador de Pneus \u00e9 registrar todas as movimenta\u00e7\u00f5es do patrim\u00f4nio. N\u00e3o menos importante \u00e9 a autoridade de conhecimento sobre os fatores que afetam o desgaste e sucateamento prematuros dos pneus. Nesta imers\u00e3o, o participante ser\u00e1 capacitado a interagir com os pneus, traduzindo sintomas e propondo a\u00e7\u00f5es preventivas.[\/vc_column_text]<\/div><\/div><div class=\"columns_wrap sc_columns columns_nofluid sc_columns_count_1\"><div class=\"column-1_1 sc_column_item sc_column_item_1 odd first\">[vc_column_text]<a href=\"http:\/\/cpkconsultoria.com\/wp-content\/uploads\/2022\/02\/Opera-Instantaneo_2022-01-25_082250_rtpneus.com_.br_.png\"><img decoding=\"async\" loading=\"lazy\" class=\"wp-image-951 size-full alignleft\" src=\"http:\/\/cpkconsultoria.com\/wp-content\/uploads\/2022\/02\/Opera-Instantaneo_2022-01-25_082250_rtpneus.com_.br_.png\" alt=\"\" width=\"189\" height=\"106\" \/><\/a><\/p>\n<h4>GERENTES,GESTORES,DIRETORES E PROPRIET\u00c1RIOS DE FROTAS<\/h4>\n<p>Treinamento com foco em quebra de paradigmas da gest\u00e3o ou falta dela.<br \/>\nO pneu \u00e9 um ativo financeiro relevante na Frota e precisa ser vistos como dinheiro.[\/vc_column_text]<\/div><\/div>[\/vc_column][\/vc_row][vc_row][vc_column][vc_empty_space height=&#8221;42px&#8221;][\/vc_column][\/vc_row]<\/p>\n","protected":false},"excerpt":{"rendered":"<p>[vc_row][vc_column][\/vc_column][\/vc_row][vc_row][vc_column][\/vc_column][\/vc_row][vc_row][vc_column][\/vc_column][\/vc_row][vc_row][vc_column][vc_empty_space height=&#8221;42px&#8221;][\/vc_column][\/vc_row]<\/p>\n","protected":false},"author":1,"featured_media":0,"parent":0,"menu_order":0,"comment_status":"closed","ping_status":"closed","template":"","meta":{"om_disable_all_campaigns":false,"_monsterinsights_skip_tracking":false,"_monsterinsights_sitenote_active":false,"_monsterinsights_sitenote_note":"","_monsterinsights_sitenote_category":0},"_links":{"self":[{"href":"https:\/\/cpkconsultoria.com\/index.php\/wp-json\/wp\/v2\/pages\/727"}],"collection":[{"href":"https:\/\/cpkconsultoria.com\/index.php\/wp-json\/wp\/v2\/pages"}],"about":[{"href":"https:\/\/cpkconsultoria.com\/index.php\/wp-json\/wp\/v2\/types\/page"}],"author":[{"embeddable":true,"href":"https:\/\/cpkconsultoria.com\/index.php\/wp-json\/wp\/v2\/users\/1"}],"replies":[{"embeddable":true,"href":"https:\/\/cpkconsultoria.com\/index.php\/wp-json\/wp\/v2\/comments?post=727"}],"version-history":[{"count":17,"href":"https:\/\/cpkconsultoria.com\/index.php\/wp-json\/wp\/v2\/pages\/727\/revisions"}],"predecessor-version":[{"id":959,"href":"https:\/\/cpkconsultoria.com\/index.php\/wp-json\/wp\/v2\/pages\/727\/revisions\/959"}],"wp:attachment":[{"href":"https:\/\/cpkconsultoria.com\/index.php\/wp-json\/wp\/v2\/media?parent=727"}],"curies":[{"name":"wp","href":"https:\/\/api.w.org\/{rel}","templated":true}]}}